{"id":2,"date":"2016-05-10T03:48:21","date_gmt":"2016-05-10T03:48:21","guid":{"rendered":"http:\/\/asos.nasz-dom.org\/?page_id=2"},"modified":"2019-06-04T11:55:21","modified_gmt":"2019-06-04T11:55:21","slug":"sample-page","status":"publish","type":"page","link":"http:\/\/asos.nasz-dom.org\/","title":{"rendered":"ASOS 2019"},"content":{"rendered":"<p style=\"text-align: justify;\">Z przyjemno\u015bci\u0105 zawiadamiamy Pa\u0144stwa, \u017ce nasze Stowarzyszenie zosta\u0142o beneficjentem w\u00a0Rz\u0105dowym Programie na rzecz Aktywno\u015bci Spo\u0142ecznej Os\u00f3b Starszych \u2013 edycja 2019 i rozpoczyna realizowa\u0107 projekt \u201eSeniorzy Wiedza i Do\u015bwiadczenie II\u201d\u00a0od 1 maja\u00a02019.<\/p>\n<p><!--more--><\/p>\n<p style=\"text-align: justify;\"><img loading=\"lazy\" class=\"alignnone wp-image-126 size-full\" src=\"http:\/\/asos.nasz-dom.org\/wp-content\/uploads\/2019\/06\/Asos-facebook-01.png\" alt=\"\" width=\"1709\" height=\"963\" srcset=\"http:\/\/asos.nasz-dom.org\/wp-content\/uploads\/2019\/06\/Asos-facebook-01.png 1709w, http:\/\/asos.nasz-dom.org\/wp-content\/uploads\/2019\/06\/Asos-facebook-01-300x169.png 300w, http:\/\/asos.nasz-dom.org\/wp-content\/uploads\/2019\/06\/Asos-facebook-01-768x433.png 768w, http:\/\/asos.nasz-dom.org\/wp-content\/uploads\/2019\/06\/Asos-facebook-01-1024x577.png 1024w, http:\/\/asos.nasz-dom.org\/wp-content\/uploads\/2019\/06\/Asos-facebook-01-820x462.png 820w\" sizes=\"(max-width: 1709px) 100vw, 1709px\" \/>Zapraszamy do udzia\u0142u w\u00a0Rz\u0105dowym Programie na rzecz Aktywno\u015bci Spo\u0142ecznej Os\u00f3b Starszych \u2013 II edycja 2019 i rozpoczyna realizowa\u0107 projekt \u201eSeniorzy \u2013 wiedza i do\u015bwiadczenie II\u201d\u00a0od 1 maja\u00a02019. Nab\u00f3r uczestnik\u00f3w do projektu w <strong>Centrum Aktywizacji Spo\u0142ecznej 41-500 Chorz\u00f3w, ul. Powsta\u0144c\u00f3w 70\/3 ju\u017c od 01 kwietnia.<\/strong><\/p>\n<ul style=\"text-align: justify;\">\n<li><strong>Szkolenie z obs\u0142ugi urz\u0105dze\u0144 IT<\/strong> (\u015brodowisko Windows, \u015brodowiska MacOS, Linux) oraz obs\u0142uga innych urz\u0105dze\u0144 takich jak smartfony, tablety, telefony. Szkolenie b\u0119dzie dla realizowane w 10 grupach 12 osobowych. Zaj\u0119cia b\u0119d\u0105 odbywa\u0107 si\u0119 do po\u0142udnia lub popo\u0142udniu w tygodniu. Uczestnicy napisz\u0105 najpierw test kwalifikuj\u0105cy do odpowiedniej grupy zaawansowania.<\/li>\n<li><strong>Kurs j\u0119zykowy<\/strong> dla 12 grup 10 osobowych. Zaj\u0119cia b\u0119d\u0105 odbywa\u0107 si\u0119 do po\u0142udnia lub popo\u0142udniu w tygodniu. Poziom podstawowy\/\u015bredniozaawansowany \/zaawansowany. Uczestnicy napisz\u0105 najpierw test kwalifikuj\u0105cy do grupy. Zaj\u0119cia nie b\u0119d\u0105 tylko i wy\u0142\u0105cznie nauk\u0105 j\u0119zyka, ale poznaniem kultury, zwyczaje, obyczaj\u00f3w, gier, form sp\u0119dzania czasu w r\u00f3\u017cnych krajach. Du\u017cy nacisk b\u0119dzie k\u0142adziony na komunikacj\u0119 w j\u0119zyku obcym. a tak\u017ce na rekreacj\u0119. W ramach zaj\u0119\u0107 wyj\u015bcia z lektorem w teren \u2013 jak aktywnie porozumiewa\u0107 si\u0119 w jezyku obcym. podczas zajec b\u0119d\u0105 stosowane r\u00f3\u017cne gry indywidualne i zespo\u0142owe.<\/li>\n<li><strong>Warsztaty z zdrowego stylu \u017cycia<\/strong> \u2013\u00a0Zaj\u0119cia odbywa\u0107 si\u0119 b\u0119d\u0105 w grupach 10 osobowych a ka\u017cda z 10-ciu grup b\u0119dzie mia\u0142a w sumie do dyspozycji po 16 godz. warsztat\u00f3w zakresu edukacji zdrowotnej.<\/li>\n<li><strong>Zaj\u0119cia z bezpiecze\u0144stwa<\/strong> \u2013 W ramach zaj\u0119\u0107 uczestnicy dowiedz\u0105 si\u0119 jak zadba\u0107 o swoje bezpiecze\u0144stwo. Zar\u00f3wno podczas normalnych kontakt\u00f3w z innymi osobami, jak i korzystaj\u0105c z internetu. Chcemy, aby po zaj\u0119ciach nasi uczestnicy nie dali si\u0119 nabra\u0107 na przys\u0142owiowego wnuczka, czy te\u017c potrafili zadba\u0107 o swoje bezpiecze\u0144stwo tak\u017ce w internecie.<\/li>\n<li>Warsztaty z r\u0119kodzie\u0142a i plastyczne \u2013\u00a0W ramach tego dzia\u0142ania zamierzamy przeprowadzi\u0107 warsztaty z r\u0119kodzielnictwa, g\u0142\u00f3wnie dla pa\u0144 \u2013 seniorek a tak\u017ce dla ch\u0119tnych pan\u00f3w \u2013 senior\u00f3w. Podczas warsztat\u00f3w uczestnicy \/uczestniczki b\u0119d\u0105 mog\u0142y rozwija\u0107 umiej\u0119tno\u015bci manualne a tak\u017ce artystyczne (haft).<\/li>\n<li>Zaj\u0119cia taneczne \u2013\u00a0Zaj\u0119cia prowadzone b\u0119d\u0105 w taki spos\u00f3b, aby ka\u017cdy m\u00f3g\u0142 w nich uczestniczy\u0107. Nie trzeba posiada\u0107 nadzwyczajnych umiej\u0119tno\u015bci ani \u017cadnego do\u015bwiadczenia tanecznego. Zaj\u0119cia taneczne pozwol\u0105 polepszy\u0107 form\u0119 fizyczn\u0105, przynios\u0105 rozlu\u017anienie i dodadz\u0105 energii. Taniec jest te\u017c doskona\u0142ym sposobem na utrzymanie zwinno\u015bci i ma dobroczynny wp\u0142yw na nastawienie psychiczne.<\/li>\n<\/ul>\n<p style=\"text-align: justify;\"><em>Zapraszamy do udzia\u0142u <\/em><\/p>\n<p style=\"text-align: justify;\">\n","protected":false},"excerpt":{"rendered":"<p>Z przyjemno\u015bci\u0105 zawiadamiamy Pa\u0144stwa, \u017ce nasze Stowarzyszenie zosta\u0142o beneficjentem w\u00a0Rz\u0105dowym Programie na rzecz Aktywno\u015bci Spo\u0142ecznej Os\u00f3b Starszych \u2013 edycja 2019 i rozpoczyna realizowa\u0107 projekt \u201eSeniorzy Wiedza i Do\u015bwiadczenie II\u201d\u00a0od 1 maja\u00a02019.<\/p>\n","protected":false},"author":1,"featured_media":0,"parent":0,"menu_order":0,"comment_status":"closed","ping_status":"open","template":"","meta":[],"_links":{"self":[{"href":"http:\/\/asos.nasz-dom.org\/index.php?rest_route=\/wp\/v2\/pages\/2"}],"collection":[{"href":"http:\/\/asos.nasz-dom.org\/index.php?rest_route=\/wp\/v2\/pages"}],"about":[{"href":"http:\/\/asos.nasz-dom.org\/index.php?rest_route=\/wp\/v2\/types\/page"}],"author":[{"embeddable":true,"href":"http:\/\/asos.nasz-dom.org\/index.php?rest_route=\/wp\/v2\/users\/1"}],"replies":[{"embeddable":true,"href":"http:\/\/asos.nasz-dom.org\/index.php?rest_route=%2Fwp%2Fv2%2Fcomments&post=2"}],"version-history":[{"count":5,"href":"http:\/\/asos.nasz-dom.org\/index.php?rest_route=\/wp\/v2\/pages\/2\/revisions"}],"predecessor-version":[{"id":127,"href":"http:\/\/asos.nasz-dom.org\/index.php?rest_route=\/wp\/v2\/pages\/2\/revisions\/127"}],"wp:attachment":[{"href":"http:\/\/asos.nasz-dom.org\/index.php?rest_route=%2Fwp%2Fv2%2Fmedia&parent=2"}],"curies":[{"name":"wp","href":"https:\/\/api.w.org\/{rel}","templated":true}]}}